{"id":333,"date":"2024-12-09T19:34:14","date_gmt":"2024-12-09T22:34:14","guid":{"rendered":"https:\/\/vidriosmaipu.cl\/?page_id=16"},"modified":"2024-12-12T21:51:32","modified_gmt":"2024-12-13T00:51:32","slug":"servicios","status":"publish","type":"page","link":"https:\/\/vidriosmaipu.cl\/index.php\/servicios\/","title":{"rendered":"servicios"},"content":{"rendered":"<p>[et_pb_section fb_built=\u00bb1&#8243; fullwidth=\u00bbon\u00bb _builder_version=\u00bb4.27.4&#8243; _module_preset=\u00bbdefault\u00bb global_colors_info=\u00bb{}\u00bb][et_pb_fullwidth_header title=\u00bbServicios\u00bb header_scroll_down=\u00bbon\u00bb scroll_down_icon=\u00bb%%4%%\u00bb scroll_down_icon_color=\u00bb#FFFFFF\u00bb scroll_down_icon_size=\u00bb25px\u00bb button_one_text=\u00bbContacto\u00bb button_two_text=\u00bbLl\u00e1manos\u00bb background_overlay_color=\u00bbrgba(131,0,233,0.14)\u00bb _builder_version=\u00bb4.27.4&#8243; _module_preset=\u00bbdefault\u00bb title_font=\u00bbPoppins|800|||||||\u00bb content_font=\u00bbPoppins||||||||\u00bb background_color=\u00bbrgba(0,0,0,0.71)\u00bb background_image=\u00bbhttps:\/\/vidriosmaipu.cl\/wp-content\/uploads\/2024\/12\/beautiful-view-blue-lake-captured-from-inside-villa.jpg\u00bb background_blend=\u00bbmultiply\u00bb custom_button_one=\u00bbon\u00bb button_one_text_color=\u00bb#FFFFFF\u00bb button_one_bg_color=\u00bbRGBA(255,255,255,0)\u00bb button_one_border_width=\u00bb1px\u00bb button_one_border_color=\u00bb#FFFFFF\u00bb button_one_border_radius=\u00bb0px\u00bb custom_button_two=\u00bbon\u00bb button_two_text_color=\u00bb#FFFFFF\u00bb button_two_bg_color=\u00bbRGBA(255,255,255,0)\u00bb button_two_border_width=\u00bb1px\u00bb button_two_border_color=\u00bb#FFFFFF\u00bb button_two_border_radius=\u00bb0px\u00bb custom_padding=\u00bb142px||185px|||\u00bb hover_enabled=\u00bb0&#8243; custom_css_scroll_button=\u00bbmargin-left:-1080px\u00bb global_colors_info=\u00bb{}\u00bb button_two_url=\u00bbtel:+56990791795&#8243; button_one_url=\u00bbmailto:vidriosmaipultda@gmail.com\u00bb sticky_enabled=\u00bb0&#8243;]<\/p>\n<p>Haz que cada rinc\u00f3n de tu hogar brille con elegancia, dise\u00f1o y estilo<\/p>\n<p>[\/et_pb_fullwidth_header][\/et_pb_section][et_pb_section fb_built=\u00bb1&#8243; _builder_version=\u00bb4.27.4&#8243; _module_preset=\u00bbdefault\u00bb custom_padding=\u00bb27px||13px|||\u00bb global_colors_info=\u00bb{}\u00bb][et_pb_row column_structure=\u00bb2_5,3_5&#8243; _builder_version=\u00bb4.27.4&#8243; _module_preset=\u00bbdefault\u00bb global_colors_info=\u00bb{}\u00bb][et_pb_column type=\u00bb2_5&#8243; _builder_version=\u00bb4.27.4&#8243; _module_preset=\u00bbdefault\u00bb global_colors_info=\u00bb{}\u00bb][et_pb_text _builder_version=\u00bb4.27.4&#8243; _module_preset=\u00bbdefault\u00bb text_font=\u00bbPoppins|600|||||||\u00bb text_text_color=\u00bb#B3B3B3&#8243; text_font_size=\u00bb19px\u00bb text_orientation=\u00bbright\u00bb global_colors_info=\u00bb{}\u00bb]<\/p>\n<p>Revisa nuestras soluciones y disfruta de los m\u00faltiples beneficios del vidrio hecho a la medida de tus necesidades.<\/p>\n<p>[\/et_pb_text][\/et_pb_column][et_pb_column type=\u00bb3_5&#8243; _builder_version=\u00bb4.27.4&#8243; _module_preset=\u00bbdefault\u00bb global_colors_info=\u00bb{}\u00bb][et_pb_text _builder_version=\u00bb4.27.4&#8243; _module_preset=\u00bbdefault\u00bb text_font=\u00bbPoppins|200|||||||\u00bb text_text_color=\u00bb#000000&#8243; text_font_size=\u00bb51px\u00bb text_line_height=\u00bb0.7em\u00bb text_orientation=\u00bbright\u00bb global_colors_info=\u00bb{}\u00bb]Conoce nuestros<br \/>\nservicios[\/et_pb_text][\/et_pb_column][\/et_pb_row][\/et_pb_section][et_pb_section fb_built=\u00bb1&#8243; _builder_version=\u00bb4.27.4&#8243; _module_preset=\u00bbdefault\u00bb global_colors_info=\u00bb{}\u00bb][et_pb_row column_structure=\u00bb1_3,1_3,1_3&#8243; _builder_version=\u00bb4.27.4&#8243; _module_preset=\u00bbdefault\u00bb global_colors_info=\u00bb{}\u00bb][et_pb_column type=\u00bb1_3&#8243; _builder_version=\u00bb4.27.4&#8243; _module_preset=\u00bbdefault\u00bb global_colors_info=\u00bb{}\u00bb][et_pb_blurb title=\u00bbAluminio Blanco\u00bb url=\u00bbhttps:\/\/vidriosmaipu.cl\/index.php\/blanco\/\u00bb image=\u00bbhttps:\/\/vidriosmaipu.cl\/wp-content\/uploads\/2024\/12\/aluminio.blanco1.jpg\u00bb _builder_version=\u00bb4.27.4&#8243; _module_preset=\u00bbdefault\u00bb header_font=\u00bbPoppins||||||||\u00bb header_text_align=\u00bbcenter\u00bb hover_enabled=\u00bb0&#8243; border_width_all_image=\u00bb6px\u00bb border_color_all_image=\u00bb#FFFFFF\u00bb box_shadow_style_image=\u00bbpreset3&#8243; global_colors_info=\u00bb{}\u00bb title_text=\u00bbaluminio.blanco1&#8243; sticky_enabled=\u00bb0&#8243;][\/et_pb_blurb][\/et_pb_column][et_pb_column type=\u00bb1_3&#8243; _builder_version=\u00bb4.27.4&#8243; _module_preset=\u00bbdefault\u00bb global_colors_info=\u00bb{}\u00bb][et_pb_blurb title=\u00bbAluminio Bronce\u00bb url=\u00bbhttps:\/\/vidriosmaipu.cl\/index.php\/bronce\/\u00bb image=\u00bbhttps:\/\/vidriosmaipu.cl\/wp-content\/uploads\/2024\/12\/aluminio.bronce3.jpg\u00bb _builder_version=\u00bb4.27.4&#8243; _module_preset=\u00bbdefault\u00bb header_font=\u00bbPoppins||||||||\u00bb header_text_align=\u00bbcenter\u00bb hover_enabled=\u00bb0&#8243; border_width_all_image=\u00bb6px\u00bb border_color_all_image=\u00bb#FFFFFF\u00bb box_shadow_style_image=\u00bbpreset3&#8243; global_colors_info=\u00bb{}\u00bb title_text=\u00bbaluminio.bronce3&#8243; sticky_enabled=\u00bb0&#8243;][\/et_pb_blurb][\/et_pb_column][et_pb_column type=\u00bb1_3&#8243; _builder_version=\u00bb4.27.4&#8243; _module_preset=\u00bbdefault\u00bb global_colors_info=\u00bb{}\u00bb][et_pb_blurb title=\u00bbAluminio Roble\u00bb url=\u00bbhttps:\/\/vidriosmaipu.cl\/index.php\/roble\/\u00bb image=\u00bbhttps:\/\/vidriosmaipu.cl\/wp-content\/uploads\/2024\/12\/aluminio-roble6.jpg\u00bb _builder_version=\u00bb4.27.4&#8243; _module_preset=\u00bbdefault\u00bb header_font=\u00bbPoppins||||||||\u00bb header_text_align=\u00bbcenter\u00bb hover_enabled=\u00bb0&#8243; border_width_all_image=\u00bb6px\u00bb border_color_all_image=\u00bb#FFFFFF\u00bb box_shadow_style_image=\u00bbpreset3&#8243; global_colors_info=\u00bb{}\u00bb title_text=\u00bbaluminio-roble6&#8243; sticky_enabled=\u00bb0&#8243;][\/et_pb_blurb][\/et_pb_column][\/et_pb_row][et_pb_row column_structure=\u00bb1_3,1_3,1_3&#8243; _builder_version=\u00bb4.27.4&#8243; _module_preset=\u00bbdefault\u00bb global_colors_info=\u00bb{}\u00bb][et_pb_column type=\u00bb1_3&#8243; _builder_version=\u00bb4.27.4&#8243; _module_preset=\u00bbdefault\u00bb global_colors_info=\u00bb{}\u00bb][et_pb_blurb title=\u00bbAluminio Titanio\u00bb url=\u00bbhttps:\/\/vidriosmaipu.cl\/index.php\/titanio\/\u00bb image=\u00bbhttps:\/\/vidriosmaipu.cl\/wp-content\/uploads\/2024\/12\/aluminio.titanio2.jpg\u00bb _builder_version=\u00bb4.27.4&#8243; _module_preset=\u00bbdefault\u00bb header_font=\u00bbPoppins||||||||\u00bb header_text_align=\u00bbcenter\u00bb hover_enabled=\u00bb0&#8243; border_width_all_image=\u00bb6px\u00bb border_color_all_image=\u00bb#FFFFFF\u00bb box_shadow_style_image=\u00bbpreset3&#8243; global_colors_info=\u00bb{}\u00bb title_text=\u00bbaluminio.titanio2&#8243; sticky_enabled=\u00bb0&#8243;][\/et_pb_blurb][\/et_pb_column][et_pb_column type=\u00bb1_3&#8243; _builder_version=\u00bb4.27.4&#8243; _module_preset=\u00bbdefault\u00bb global_colors_info=\u00bb{}\u00bb][et_pb_blurb title=\u00bbAluminio Mate\u00bb url=\u00bbhttps:\/\/vidriosmaipu.cl\/index.php\/mate\/\u00bb image=\u00bbhttps:\/\/vidriosmaipu.cl\/wp-content\/uploads\/2024\/12\/aluminio-mate2.jpg\u00bb _builder_version=\u00bb4.27.4&#8243; _module_preset=\u00bbdefault\u00bb header_font=\u00bbPoppins||||||||\u00bb header_text_align=\u00bbcenter\u00bb hover_enabled=\u00bb0&#8243; border_width_all_image=\u00bb6px\u00bb border_color_all_image=\u00bb#FFFFFF\u00bb box_shadow_style_image=\u00bbpreset3&#8243; global_colors_info=\u00bb{}\u00bb title_text=\u00bbaluminio-mate2&#8243; sticky_enabled=\u00bb0&#8243;][\/et_pb_blurb][\/et_pb_column][et_pb_column type=\u00bb1_3&#8243; _builder_version=\u00bb4.27.4&#8243; _module_preset=\u00bbdefault\u00bb global_colors_info=\u00bb{}\u00bb][et_pb_blurb title=\u00bbObras Especiales\u00bb url=\u00bbhttps:\/\/vidriosmaipu.cl\/index.php\/especiales\/\u00bb image=\u00bbhttps:\/\/vidriosmaipu.cl\/wp-content\/uploads\/2024\/12\/codelco3.jpg\u00bb _builder_version=\u00bb4.27.4&#8243; _module_preset=\u00bbdefault\u00bb header_font=\u00bbPoppins||||||||\u00bb header_text_align=\u00bbcenter\u00bb border_width_all_image=\u00bb6px\u00bb border_color_all_image=\u00bb#FFFFFF\u00bb box_shadow_style_image=\u00bbpreset3&#8243; global_colors_info=\u00bb{}\u00bb][\/et_pb_blurb][\/et_pb_column][\/et_pb_row][et_pb_row column_structure=\u00bb1_3,1_3,1_3&#8243; _builder_version=\u00bb4.27.4&#8243; _module_preset=\u00bbdefault\u00bb global_colors_info=\u00bb{}\u00bb][et_pb_column type=\u00bb1_3&#8243; _builder_version=\u00bb4.27.4&#8243; _module_preset=\u00bbdefault\u00bb global_colors_info=\u00bb{}\u00bb][\/et_pb_column][et_pb_column type=\u00bb1_3&#8243; _builder_version=\u00bb4.27.4&#8243; _module_preset=\u00bbdefault\u00bb global_colors_info=\u00bb{}\u00bb][et_pb_blurb title=\u00bbPVC\u00bb url=\u00bbhttps:\/\/vidriosmaipu.cl\/index.php\/pvc\/\u00bb image=\u00bbhttps:\/\/vidriosmaipu.cl\/wp-content\/uploads\/2024\/12\/pvc-01.jpg\u00bb _builder_version=\u00bb4.27.4&#8243; _module_preset=\u00bbdefault\u00bb header_font=\u00bbPoppins||||||||\u00bb header_text_align=\u00bbcenter\u00bb border_width_all_image=\u00bb6px\u00bb border_color_all_image=\u00bb#FFFFFF\u00bb box_shadow_style_image=\u00bbpreset3&#8243; global_colors_info=\u00bb{}\u00bb][\/et_pb_blurb][\/et_pb_column][et_pb_column type=\u00bb1_3&#8243; _builder_version=\u00bb4.27.4&#8243; _module_preset=\u00bbdefault\u00bb global_colors_info=\u00bb{}\u00bb][\/et_pb_column][\/et_pb_row][\/et_pb_section][et_pb_section fb_built=\u00bb1&#8243; _builder_version=\u00bb4.27.4&#8243; _module_preset=\u00bbdefault\u00bb custom_padding=\u00bb19px||97px||false|false\u00bb global_colors_info=\u00bb{}\u00bb][et_pb_row _builder_version=\u00bb4.27.4&#8243; _module_preset=\u00bbdefault\u00bb global_colors_info=\u00bb{}\u00bb][et_pb_column type=\u00bb4_4&#8243; _builder_version=\u00bb4.27.4&#8243; _module_preset=\u00bbdefault\u00bb global_colors_info=\u00bb{}\u00bb][et_pb_divider color=\u00bb#D6D6D6&#8243; _builder_version=\u00bb4.27.4&#8243; _module_preset=\u00bbdefault\u00bb global_colors_info=\u00bb{}\u00bb][\/et_pb_divider][\/et_pb_column][\/et_pb_row][et_pb_row column_structure=\u00bb1_3,1_3,1_3&#8243; _builder_version=\u00bb4.27.4&#8243; _module_preset=\u00bbdefault\u00bb global_colors_info=\u00bb{}\u00bb][et_pb_column type=\u00bb1_3&#8243; _builder_version=\u00bb4.27.4&#8243; _module_preset=\u00bbdefault\u00bb global_colors_info=\u00bb{}\u00bb][et_pb_blurb title=\u00bbCotiza tu proyecto\u00bb use_icon=\u00bbon\u00bb font_icon=\u00bb&#xf0eb;||fa||400&#8243; icon_color=\u00bb#000000&#8243; icon_placement=\u00bbleft\u00bb image_icon_width=\u00bb66px\u00bb _builder_version=\u00bb4.27.4&#8243; _module_preset=\u00bbdefault\u00bb header_font=\u00bbPoppins||||||||\u00bb header_font_size=\u00bb16px\u00bb body_font=\u00bbPoppins||||||||\u00bb body_text_color=\u00bb#8A8A8A\u00bb body_font_size=\u00bb12px\u00bb body_line_height=\u00bb1.4em\u00bb animation_style=\u00bbslide\u00bb animation_direction=\u00bbleft\u00bb global_colors_info=\u00bb{}\u00bb]<\/p>\n<p>Env\u00eda tus especificaciones y conversemos tus ideas.<\/p>\n<p>[\/et_pb_blurb][\/et_pb_column][et_pb_column type=\u00bb1_3&#8243; _builder_version=\u00bb4.27.4&#8243; _module_preset=\u00bbdefault\u00bb global_colors_info=\u00bb{}\u00bb][et_pb_blurb title=\u00bb\u00bfNecesitas ayuda?\u00bb use_icon=\u00bbon\u00bb font_icon=\u00bb&#x77;||divi||400&#8243; icon_color=\u00bb#000000&#8243; icon_placement=\u00bbleft\u00bb image_icon_width=\u00bb57px\u00bb _builder_version=\u00bb4.27.4&#8243; _module_preset=\u00bbdefault\u00bb header_font=\u00bbPoppins||||||||\u00bb header_font_size=\u00bb16px\u00bb body_font=\u00bbPoppins||||||||\u00bb body_text_color=\u00bb#8A8A8A\u00bb body_font_size=\u00bb12px\u00bb body_line_height=\u00bb1.4em\u00bb animation_style=\u00bbslide\u00bb animation_direction=\u00bbtop\u00bb global_colors_info=\u00bb{}\u00bb]<\/p>\n<p>Revisa nuestras preguntas frecuentes.<\/p>\n<p>[\/et_pb_blurb][\/et_pb_column][et_pb_column type=\u00bb1_3&#8243; _builder_version=\u00bb4.27.4&#8243; _module_preset=\u00bbdefault\u00bb global_colors_info=\u00bb{}\u00bb][et_pb_blurb title=\u00bbAgenda visita\u00bb use_icon=\u00bbon\u00bb font_icon=\u00bb&#xf4fd;||fa||900&#8243; icon_color=\u00bb#000000&#8243; icon_placement=\u00bbleft\u00bb image_icon_width=\u00bb57px\u00bb _builder_version=\u00bb4.27.4&#8243; _module_preset=\u00bbdefault\u00bb header_font=\u00bbPoppins||||||||\u00bb header_font_size=\u00bb16px\u00bb body_font=\u00bbPoppins||||||||\u00bb body_text_color=\u00bb#8A8A8A\u00bb body_font_size=\u00bb12px\u00bb body_line_height=\u00bb1.4em\u00bb animation_style=\u00bbslide\u00bb animation_direction=\u00bbright\u00bb global_colors_info=\u00bb{}\u00bb]<\/p>\n<p>Coordinemos la visita a tu negocio u hogar.<\/p>\n<p>[\/et_pb_blurb][\/et_pb_column][\/et_pb_row][\/et_pb_section]<\/p>\n","protected":false},"excerpt":{"rendered":"<p>Haz que cada rinc\u00f3n de tu hogar brille con elegancia, dise\u00f1o y estiloRevisa nuestras soluciones y disfruta de los m\u00faltiples beneficios del vidrio hecho a la medida de tus necesidades.Conoce nuestros serviciosEnv\u00eda tus especificaciones y conversemos tus ideas.Revisa nuestras preguntas frecuentes.Coordinemos la visita a tu negocio u hogar.<\/p>\n","protected":false},"author":1,"featured_media":0,"parent":0,"menu_order":0,"comment_status":"closed","ping_status":"closed","template":"","meta":{"_et_pb_use_builder":"on","_et_pb_old_content":"<!-- wp:divi\/placeholder \/-->","_et_gb_content_width":"","inline_featured_image":false,"footnotes":""},"class_list":["post-333","page","type-page","status-publish","hentry"],"_links":{"self":[{"href":"https:\/\/vidriosmaipu.cl\/index.php\/wp-json\/wp\/v2\/pages\/333","targetHints":{"allow":["GET"]}}],"collection":[{"href":"https:\/\/vidriosmaipu.cl\/index.php\/wp-json\/wp\/v2\/pages"}],"about":[{"href":"https:\/\/vidriosmaipu.cl\/index.php\/wp-json\/wp\/v2\/types\/page"}],"author":[{"embeddable":true,"href":"https:\/\/vidriosmaipu.cl\/index.php\/wp-json\/wp\/v2\/users\/1"}],"replies":[{"embeddable":true,"href":"https:\/\/vidriosmaipu.cl\/index.php\/wp-json\/wp\/v2\/comments?post=333"}],"version-history":[{"count":2,"href":"https:\/\/vidriosmaipu.cl\/index.php\/wp-json\/wp\/v2\/pages\/333\/revisions"}],"predecessor-version":[{"id":363,"href":"https:\/\/vidriosmaipu.cl\/index.php\/wp-json\/wp\/v2\/pages\/333\/revisions\/363"}],"wp:attachment":[{"href":"https:\/\/vidriosmaipu.cl\/index.php\/wp-json\/wp\/v2\/media?parent=333"}],"curies":[{"name":"wp","href":"https:\/\/api.w.org\/{rel}","templated":true}]}}