{"id":329,"date":"2024-12-09T19:34:58","date_gmt":"2024-12-09T22:34:58","guid":{"rendered":"https:\/\/vidriosmaipu.cl\/?page_id=18"},"modified":"2025-01-13T09:54:31","modified_gmt":"2025-01-13T12:54:31","slug":"nuestros-trabajos","status":"publish","type":"page","link":"https:\/\/vidriosmaipu.cl\/index.php\/nuestros-trabajos\/","title":{"rendered":"nuestros trabajos"},"content":{"rendered":"<p>[et_pb_section fb_built=\u00bb1&#8243; fullwidth=\u00bbon\u00bb _builder_version=\u00bb4.27.4&#8243; _module_preset=\u00bbdefault\u00bb global_colors_info=\u00bb{}\u00bb][et_pb_fullwidth_header title=\u00bbNuestros Trabajos\u00bb header_scroll_down=\u00bbon\u00bb scroll_down_icon=\u00bb%%4%%\u00bb scroll_down_icon_color=\u00bb#FFFFFF\u00bb scroll_down_icon_size=\u00bb25px\u00bb button_one_text=\u00bbContacto\u00bb button_one_url=\u00bbmailto:vidriosmaipultda@gmail.com\u00bb button_two_text=\u00bbLl\u00e1manos\u00bb button_two_url=\u00bbtel:+56990791795&#8243; background_overlay_color=\u00bbrgba(131,0,233,0.14)\u00bb _builder_version=\u00bb4.27.4&#8243; _module_preset=\u00bbdefault\u00bb title_font=\u00bbPoppins|800|||||||\u00bb content_font=\u00bbPoppins||||||||\u00bb background_color=\u00bbrgba(0,0,0,0.71)\u00bb background_image=\u00bbhttps:\/\/vidriosmaipu.cl\/wp-content\/uploads\/2024\/12\/img_bg_2.jpg\u00bb background_blend=\u00bbmultiply\u00bb custom_button_one=\u00bbon\u00bb button_one_text_color=\u00bb#FFFFFF\u00bb button_one_bg_color=\u00bbRGBA(255,255,255,0)\u00bb button_one_border_width=\u00bb1px\u00bb button_one_border_color=\u00bb#FFFFFF\u00bb button_one_border_radius=\u00bb0px\u00bb custom_button_two=\u00bbon\u00bb button_two_text_color=\u00bb#FFFFFF\u00bb button_two_bg_color=\u00bbRGBA(255,255,255,0)\u00bb button_two_border_width=\u00bb1px\u00bb button_two_border_color=\u00bb#FFFFFF\u00bb button_two_border_radius=\u00bb0px\u00bb custom_padding=\u00bb142px||185px|||\u00bb custom_css_scroll_button=\u00bbmargin-left:-1080px\u00bb global_colors_info=\u00bb{}\u00bb]<\/p>\n<p>Ac\u00e1 podr\u00e1s ver tabajos que Vidrios Maip\u00fa ha realizado ultimamente.<\/p>\n<p>[\/et_pb_fullwidth_header][\/et_pb_section][et_pb_section fb_built=\u00bb1&#8243; _builder_version=\u00bb4.27.4&#8243; _module_preset=\u00bbdefault\u00bb custom_padding=\u00bb44px||0px||false|false\u00bb global_colors_info=\u00bb{}\u00bb][et_pb_row column_structure=\u00bb1_3,1_3,1_3&#8243; _builder_version=\u00bb4.27.4&#8243; _module_preset=\u00bbdefault\u00bb global_colors_info=\u00bb{}\u00bb][et_pb_column type=\u00bb1_3&#8243; _builder_version=\u00bb4.27.4&#8243; _module_preset=\u00bbdefault\u00bb global_colors_info=\u00bb{}\u00bb][et_pb_blurb title=\u00bbCotiza tu proyecto\u00bb use_icon=\u00bbon\u00bb font_icon=\u00bb&#xf0eb;||fa||400&#8243; icon_color=\u00bb#000000&#8243; icon_placement=\u00bbleft\u00bb image_icon_width=\u00bb66px\u00bb _builder_version=\u00bb4.27.4&#8243; _module_preset=\u00bbdefault\u00bb header_font=\u00bbPoppins||||||||\u00bb header_font_size=\u00bb16px\u00bb body_font=\u00bbPoppins||||||||\u00bb body_text_color=\u00bb#8A8A8A\u00bb body_font_size=\u00bb12px\u00bb body_line_height=\u00bb1.4em\u00bb animation_style=\u00bbslide\u00bb animation_direction=\u00bbleft\u00bb global_colors_info=\u00bb{}\u00bb]<\/p>\n<p>Env\u00eda tus especificaciones y conversemos tus ideas.<\/p>\n<p>[\/et_pb_blurb][\/et_pb_column][et_pb_column type=\u00bb1_3&#8243; _builder_version=\u00bb4.27.4&#8243; _module_preset=\u00bbdefault\u00bb global_colors_info=\u00bb{}\u00bb][et_pb_blurb title=\u00bb\u00bfNecesitas ayuda?\u00bb use_icon=\u00bbon\u00bb font_icon=\u00bb&#x77;||divi||400&#8243; icon_color=\u00bb#000000&#8243; icon_placement=\u00bbleft\u00bb image_icon_width=\u00bb57px\u00bb _builder_version=\u00bb4.27.4&#8243; _module_preset=\u00bbdefault\u00bb header_font=\u00bbPoppins||||||||\u00bb header_font_size=\u00bb16px\u00bb body_font=\u00bbPoppins||||||||\u00bb body_text_color=\u00bb#8A8A8A\u00bb body_font_size=\u00bb12px\u00bb body_line_height=\u00bb1.4em\u00bb animation_style=\u00bbslide\u00bb animation_direction=\u00bbtop\u00bb global_colors_info=\u00bb{}\u00bb]<\/p>\n<p>Revisa nuestras preguntas frecuentes.<\/p>\n<p>[\/et_pb_blurb][\/et_pb_column][et_pb_column type=\u00bb1_3&#8243; _builder_version=\u00bb4.27.4&#8243; _module_preset=\u00bbdefault\u00bb global_colors_info=\u00bb{}\u00bb][et_pb_blurb title=\u00bbAgenda visita\u00bb use_icon=\u00bbon\u00bb font_icon=\u00bb&#xf4fd;||fa||900&#8243; icon_color=\u00bb#000000&#8243; icon_placement=\u00bbleft\u00bb image_icon_width=\u00bb57px\u00bb _builder_version=\u00bb4.27.4&#8243; _module_preset=\u00bbdefault\u00bb header_font=\u00bbPoppins||||||||\u00bb header_font_size=\u00bb16px\u00bb body_font=\u00bbPoppins||||||||\u00bb body_text_color=\u00bb#8A8A8A\u00bb body_font_size=\u00bb12px\u00bb body_line_height=\u00bb1.4em\u00bb animation_style=\u00bbslide\u00bb animation_direction=\u00bbright\u00bb global_colors_info=\u00bb{}\u00bb]<\/p>\n<p>Coordinemos la visita a tu negocio u hogar.<\/p>\n<p>[\/et_pb_blurb][\/et_pb_column][\/et_pb_row][et_pb_row _builder_version=\u00bb4.27.4&#8243; _module_preset=\u00bbdefault\u00bb global_colors_info=\u00bb{}\u00bb][et_pb_column type=\u00bb4_4&#8243; _builder_version=\u00bb4.27.4&#8243; _module_preset=\u00bbdefault\u00bb global_colors_info=\u00bb{}\u00bb][et_pb_divider color=\u00bb#D6D6D6&#8243; _builder_version=\u00bb4.27.4&#8243; _module_preset=\u00bbdefault\u00bb global_colors_info=\u00bb{}\u00bb][\/et_pb_divider][\/et_pb_column][\/et_pb_row][\/et_pb_section][et_pb_section fb_built=\u00bb1&#8243; _builder_version=\u00bb4.27.4&#8243; _module_preset=\u00bbdefault\u00bb custom_padding=\u00bb9px|||||\u00bb global_colors_info=\u00bb{}\u00bb][et_pb_row _builder_version=\u00bb4.27.4&#8243; _module_preset=\u00bbdefault\u00bb global_colors_info=\u00bb{}\u00bb][et_pb_column type=\u00bb4_4&#8243; _builder_version=\u00bb4.27.4&#8243; _module_preset=\u00bbdefault\u00bb global_colors_info=\u00bb{}\u00bb][et_pb_gallery gallery_ids=\u00bb612,364,365,366,367,368,369,370,371,372,373,374,375,376,377,378,379,380,381,382,383,384,385,386,387,388,389,390,391,392,393,394,395,396,397,398,399,400,401,402,403,404,405,406,407,408,409,410,411,412,413,414,415&#8243; posts_number=\u00bb16&#8243; orientation=\u00bbportrait\u00bb show_title_and_caption=\u00bboff\u00bb zoom_icon_color=\u00bb#FFFFFF\u00bb hover_overlay_color=\u00bbrgba(12,113,195,0.77)\u00bb hover_icon=\u00bb&#x54;||divi||400&#8243; _builder_version=\u00bb4.27.4&#8243; _module_preset=\u00bbdefault\u00bb pagination_font=\u00bbPoppins||||||||\u00bb pagination_text_color=\u00bb#000000&#8243; hover_enabled=\u00bb0&#8243; border_width_all_image=\u00bb6px\u00bb border_color_all_image=\u00bb#FFFFFF\u00bb box_shadow_style_image=\u00bbpreset3&#8243; global_colors_info=\u00bb{}\u00bb pagination_text_color__hover_enabled=\u00bbon|hover\u00bb pagination_text_color__hover=\u00bb#8300E9&#8243; sticky_enabled=\u00bb0&#8243;][\/et_pb_gallery][\/et_pb_column][\/et_pb_row][\/et_pb_section][et_pb_section fb_built=\u00bb1&#8243; _builder_version=\u00bb4.27.4&#8243; _module_preset=\u00bbdefault\u00bb background_color=\u00bb#D6D6D6&#8243; global_colors_info=\u00bb{}\u00bb][et_pb_row _builder_version=\u00bb4.27.4&#8243; _module_preset=\u00bbdefault\u00bb global_colors_info=\u00bb{}\u00bb][et_pb_column type=\u00bb4_4&#8243; _builder_version=\u00bb4.27.4&#8243; _module_preset=\u00bbdefault\u00bb global_colors_info=\u00bb{}\u00bb][et_pb_cta button_text=\u00bbClics\u00bb _builder_version=\u00bb4.27.4&#8243; _module_preset=\u00bbdefault\u00bb header_font=\u00bbPoppins||||||||\u00bb header_text_color=\u00bb#8F8F8F\u00bb body_font=\u00bbPoppins|800|||||||\u00bb body_text_color=\u00bb#5C5C5C\u00bb body_font_size=\u00bb39px\u00bb background_enable_color=\u00bboff\u00bb animation_style=\u00bbslide\u00bb global_colors_info=\u00bb{}\u00bb]<\/p>\n<p>\u00a1Tenemos cobertura en todo Chile!<\/p>\n<p>[\/et_pb_cta][et_pb_cta button_url=\u00bb#\u00bb button_text=\u00bbll\u00e0manos\u00bb _builder_version=\u00bb4.27.4&#8243; _module_preset=\u00bbdefault\u00bb header_font=\u00bbPoppins||||||||\u00bb header_text_color=\u00bb#8F8F8F\u00bb body_font=\u00bbPoppins||||||||\u00bb body_text_color=\u00bb#5C5C5C\u00bb background_enable_color=\u00bboff\u00bb custom_button=\u00bbon\u00bb button_text_size=\u00bb14px\u00bb button_text_color=\u00bb#FFFFFF\u00bb button_bg_color=\u00bb#000000&#8243; button_border_width=\u00bb0px\u00bb button_border_radius=\u00bb0px\u00bb button_font=\u00bbPoppins|700||on|||||\u00bb custom_margin=\u00bb-70px||||false|false\u00bb custom_padding=\u00bb0px||0px||true|false\u00bb animation_style=\u00bbslide\u00bb animation_direction=\u00bbbottom\u00bb global_colors_info=\u00bb{}\u00bb]<\/p>\n<p>Amplio y moderno local con maquinaria especializada y personal t\u00e9cnico capacitado<\/p>\n<p>[\/et_pb_cta][\/et_pb_column][\/et_pb_row][\/et_pb_section]<\/p>\n","protected":false},"excerpt":{"rendered":"<p>Ac\u00e1 podr\u00e1s ver tabajos que Vidrios Maip\u00fa ha realizado ultimamente.Env\u00eda tus especificaciones y conversemos tus ideas.Revisa nuestras preguntas frecuentes.Coordinemos la visita a tu negocio u hogar.\u00a1Tenemos cobertura en todo Chile!Amplio y moderno local con maquinaria especializada y personal t\u00e9cnico capacitado<\/p>\n","protected":false},"author":1,"featured_media":0,"parent":0,"menu_order":0,"comment_status":"closed","ping_status":"closed","template":"","meta":{"_et_pb_use_builder":"on","_et_pb_old_content":"<!-- wp:divi\/placeholder \/-->","_et_gb_content_width":"","inline_featured_image":false,"footnotes":""},"class_list":["post-329","page","type-page","status-publish","hentry"],"_links":{"self":[{"href":"https:\/\/vidriosmaipu.cl\/index.php\/wp-json\/wp\/v2\/pages\/329","targetHints":{"allow":["GET"]}}],"collection":[{"href":"https:\/\/vidriosmaipu.cl\/index.php\/wp-json\/wp\/v2\/pages"}],"about":[{"href":"https:\/\/vidriosmaipu.cl\/index.php\/wp-json\/wp\/v2\/types\/page"}],"author":[{"embeddable":true,"href":"https:\/\/vidriosmaipu.cl\/index.php\/wp-json\/wp\/v2\/users\/1"}],"replies":[{"embeddable":true,"href":"https:\/\/vidriosmaipu.cl\/index.php\/wp-json\/wp\/v2\/comments?post=329"}],"version-history":[{"count":3,"href":"https:\/\/vidriosmaipu.cl\/index.php\/wp-json\/wp\/v2\/pages\/329\/revisions"}],"predecessor-version":[{"id":613,"href":"https:\/\/vidriosmaipu.cl\/index.php\/wp-json\/wp\/v2\/pages\/329\/revisions\/613"}],"wp:attachment":[{"href":"https:\/\/vidriosmaipu.cl\/index.php\/wp-json\/wp\/v2\/media?parent=329"}],"curies":[{"name":"wp","href":"https:\/\/api.w.org\/{rel}","templated":true}]}}